{"id":11,"date":"2015-03-19T00:39:38","date_gmt":"2015-03-18T23:39:38","guid":{"rendered":"http:\/\/malaga-tourismus.de\/?page_id=11"},"modified":"2015-06-02T23:47:07","modified_gmt":"2015-06-02T21:47:07","slug":"wohnung","status":"publish","type":"page","link":"http:\/\/malaga-tourismus.de\/wohnung\/","title":{"rendered":"Wohnung"},"content":{"rendered":"<p>Erwarten Sie nicht ein typisches Costa del Sol Touristenziel. El Palo ist ein alter Fischer Stadtteil von M\u00e1laga, ein klassisches andalusisches Viertel, mit seinen freundlichen, warmherzigen und kommunikativen Menschen.<br \/>\nAlle Annehmlichkeiten, wie Superm\u00e4rkte, Bars, Restaurants, Strandleben und Kultur befinden sich in unmittelbarer N\u00e4he.<\/p>\n<div class=\"gmedia_gallery gmediaShortcodeError\" data-gmid=\"5\" data-error=\"minima: folder missed or module broken\"><\/div>\n<p><strong>Hier sind einige weitere Informationen:<\/strong><br \/>\nDie Wohnung befindet sich nur 20 km vom Flughafen entfernt. Die Anfahrt zur Wohnung dauert nur 25 Minuten mit dem Auto. El Palo ist sehr gut an die Autobahn bzw. den \u00f6ffentlichen Nahverkehr angebunden. Bushaltestelle ist 50m entfernt.<br \/>\nEntlang des Strandes (100m) finden Sie die sogenannten Chiringuitos, traditionelle Strandrestaurants direkt am Meer, wo die sardinas und der pescaito frito die K\u00f6nige des Men\u00fcs sind.<br \/>\nAm Strand k\u00f6nnen Sie Liegest\u00fchle und Sonnenschirme f\u00fcr EUR 3,50 mieten. Kurzum: El Palo ist ein Ort, der das Stadt- und Strandleben auf ideale Weise verbindet.<br \/>\nWarum in einem Hotel \u00fcbernachten, wenn Sie die Annehmlichkeiten dieser vor kurzem komplett renovierten und voll neu ausgestatteten Wohnung genie\u00dfen k\u00f6nnen?<br \/>\nDie Wohnung ( 75m \u00b2 ) verf\u00fcgt \u00fcber 2,5 Schlafzimmer (1 Doppelzimmer, 1 Einzelzimmer) 1 Badezimmer.<br \/>\nSchnelles WIFI ist im Mietpreis inbegriffen. Es gibt einen Flachbildschirm-Fernseher f\u00fcr den Fall, dass Sie einen ruhigen Abend zu Hause verbringen wollen.<br \/>\nIn der Wohnung befindet sich eine ausgestattet K\u00fcche. Hier finden Sie alles, was Sie f\u00fcr die Dauer Ihres Besuchs ben\u00f6tigen: Waschmaschine, Backofen, K\u00fchlschrank, B\u00fcgeleisen, B\u00fcgelbrett und weiteres K\u00fcchenzubeh\u00f6r.<br \/>\nHandt\u00fccher und Bettw\u00e4sche werden Ihnen selbstverst\u00e4ndlich zur Verf\u00fcgung gestellt.<br \/>\nDie Wohnung befindet sich im ersten Stock und verf\u00fcgt \u00fcber einen Aufzug.<br \/>\nDie Wohnung ist in einem modernen Stil eingerichtet. Die Matratzen sind neu und sehr komfortabel.<br \/>\nIn der unmittelbaren N\u00e4he der Wohnung gibt es mehrere Cafeterias , wo ausgezeichnetes Fr\u00fchst\u00fcck zu sehr g\u00fcnstigen Preisen angeboten wird.<br \/>\nDer Strand befindet sich direkt neben der Wohnung (100m) und l\u00e4dt zu allen Arten von Outdoor-Aktivit\u00e4ten ein.<br \/>\nDiese Wohnung ist optimal f\u00fcr l\u00e4ngere Aufenthalte etwa f\u00fcr Studenten die an der Fakult\u00e4t f\u00fcr ausl\u00e4ndische Studenten der Uni in M\u00e1laga ein Gastsemester absolvieren (300m), f\u00fcr Menschen die einen Sprachkurs absolvieren m\u00f6chten \u2013 mehrere Sprachschulen sind zu Fu\u00df zu erreichen oder Menschen, die einen l\u00e4ngeren Zeitraum in M\u00e1laga verweilen m\u00f6chten.<\/p>\n<p><strong>Wohnung ab 40\u20ac pro Tag.<\/strong><\/p>\n","protected":false},"excerpt":{"rendered":"<p>Erwarten Sie nicht ein typisches Costa del Sol Touristenziel. El Palo ist ein alter Fischer Stadtteil von M\u00e1laga, ein klassisches andalusisches Viertel, mit seinen freundlichen, warmherzigen und kommunikativen Menschen. Alle Annehmlichkeiten, wie Superm\u00e4rkte, Bars, Restaurants, Strandleben und Kultur &hellip; <\/p>\n<div class=\"more-link-wrapper\"><a href=\"http:\/\/malaga-tourismus.de\/wohnung\/\" class=\"more-link\">Continue reading<span class=\"screen-reader-text\"> &#8222;Wohnung&#8220;<\/span><\/a><\/div>\n","protected":false},"author":1,"featured_media":0,"parent":0,"menu_order":0,"comment_status":"closed","ping_status":"closed","template":"","meta":{"footnotes":""},"_links":{"self":[{"href":"http:\/\/malaga-tourismus.de\/wp-json\/wp\/v2\/pages\/11"}],"collection":[{"href":"http:\/\/malaga-tourismus.de\/wp-json\/wp\/v2\/pages"}],"about":[{"href":"http:\/\/malaga-tourismus.de\/wp-json\/wp\/v2\/types\/page"}],"author":[{"embeddable":true,"href":"http:\/\/malaga-tourismus.de\/wp-json\/wp\/v2\/users\/1"}],"replies":[{"embeddable":true,"href":"http:\/\/malaga-tourismus.de\/wp-json\/wp\/v2\/comments?post=11"}],"version-history":[{"count":12,"href":"http:\/\/malaga-tourismus.de\/wp-json\/wp\/v2\/pages\/11\/revisions"}],"predecessor-version":[{"id":130,"href":"http:\/\/malaga-tourismus.de\/wp-json\/wp\/v2\/pages\/11\/revisions\/130"}],"wp:attachment":[{"href":"http:\/\/malaga-tourismus.de\/wp-json\/wp\/v2\/media?parent=11"}],"curies":[{"name":"wp","href":"https:\/\/api.w.org\/{rel}","templated":true}]}}