{"id":17,"date":"2015-03-19T01:01:53","date_gmt":"2015-03-19T00:01:53","guid":{"rendered":"http:\/\/malaga-tourismus.de\/?page_id=17"},"modified":"2015-06-02T22:44:48","modified_gmt":"2015-06-02T20:44:48","slug":"willkommen","status":"publish","type":"page","link":"http:\/\/malaga-tourismus.de\/","title":{"rendered":"Willkommen"},"content":{"rendered":"<p>M\u00e1laga ist immer eine Reise wert \u2013 Strand, Landschaft und Kultur warten auf Sie.<br \/>\nDie Geburtsstadt von Pablo Picasso bietet au\u00dfer Sand, Meer und Berge eine lebendige Kulturszene, viele Museen und eine sch\u00f6ne Altstadt. Granada und Cordoba, auch ein Muss, sind ein Katzensprung von M\u00e1laga entfernt.<\/p>\n<p><a href=\"http:\/\/malaga-tourismus.de\/wp-content\/uploads\/2015\/03\/El-Palo.jpg\"><img loading=\"lazy\" decoding=\"async\" class=\"alignnone wp-image-121 size-full\" src=\"http:\/\/malaga-tourismus.de\/wp-content\/uploads\/2015\/03\/El-Palo.jpg\" alt=\"El-Palo\" width=\"570\" height=\"275\" srcset=\"http:\/\/malaga-tourismus.de\/wp-content\/uploads\/2015\/03\/El-Palo.jpg 570w, http:\/\/malaga-tourismus.de\/wp-content\/uploads\/2015\/03\/El-Palo-300x145.jpg 300w\" sizes=\"(max-width: 570px) 100vw, 570px\" \/><\/a><\/p>\n","protected":false},"excerpt":{"rendered":"<p>M\u00e1laga ist immer eine Reise wert \u2013 Strand, Landschaft und Kultur warten auf Sie. Die Geburtsstadt von Pablo Picasso bietet au\u00dfer Sand, Meer und Berge eine lebendige Kulturszene, viele Museen und eine sch\u00f6ne Altstadt. Granada und Cordoba, auch &hellip; <\/p>\n<div class=\"more-link-wrapper\"><a href=\"http:\/\/malaga-tourismus.de\/\" class=\"more-link\">Continue reading<span class=\"screen-reader-text\"> &#8222;Willkommen&#8220;<\/span><\/a><\/div>\n","protected":false},"author":1,"featured_media":0,"parent":0,"menu_order":0,"comment_status":"closed","ping_status":"closed","template":"","meta":{"footnotes":""},"_links":{"self":[{"href":"http:\/\/malaga-tourismus.de\/wp-json\/wp\/v2\/pages\/17"}],"collection":[{"href":"http:\/\/malaga-tourismus.de\/wp-json\/wp\/v2\/pages"}],"about":[{"href":"http:\/\/malaga-tourismus.de\/wp-json\/wp\/v2\/types\/page"}],"author":[{"embeddable":true,"href":"http:\/\/malaga-tourismus.de\/wp-json\/wp\/v2\/users\/1"}],"replies":[{"embeddable":true,"href":"http:\/\/malaga-tourismus.de\/wp-json\/wp\/v2\/comments?post=17"}],"version-history":[{"count":9,"href":"http:\/\/malaga-tourismus.de\/wp-json\/wp\/v2\/pages\/17\/revisions"}],"predecessor-version":[{"id":123,"href":"http:\/\/malaga-tourismus.de\/wp-json\/wp\/v2\/pages\/17\/revisions\/123"}],"wp:attachment":[{"href":"http:\/\/malaga-tourismus.de\/wp-json\/wp\/v2\/media?parent=17"}],"curies":[{"name":"wp","href":"https:\/\/api.w.org\/{rel}","templated":true}]}}